{"id":133,"date":"2025-12-31T14:28:19","date_gmt":"2025-12-31T13:28:19","guid":{"rendered":"https:\/\/novarocoaching.dk\/?page_id=133"},"modified":"2026-03-01T17:53:40","modified_gmt":"2026-03-01T16:53:40","slug":"hv-ordan-foregaar-en-coachingsamtale-hos-novaro","status":"publish","type":"page","link":"https:\/\/novarocoaching.dk\/index.php\/hv-ordan-foregaar-en-coachingsamtale-hos-novaro\/","title":{"rendered":"Hvordan foreg\u00e5r en coachingsession hos Novaro?"},"content":{"rendered":"<style>.wp-block-kadence-advancedheading.kt-adv-heading133_8722bb-8a, .wp-block-kadence-advancedheading.kt-adv-heading133_8722bb-8a[data-kb-block=\"kb-adv-heading133_8722bb-8a\"]{font-weight:400;font-style:normal;font-family:Lato;}.wp-block-kadence-advancedheading.kt-adv-heading133_8722bb-8a mark.kt-highlight, .wp-block-kadence-advancedheading.kt-adv-heading133_8722bb-8a[data-kb-block=\"kb-adv-heading133_8722bb-8a\"] mark.kt-highlight{font-style:normal;color:#f76a0c;-webkit-box-decoration-break:clone;box-decoration-break:clone;padding-top:0px;padding-right:0px;padding-bottom:0px;padding-left:0px;}.wp-block-kadence-advancedheading.kt-adv-heading133_8722bb-8a img.kb-inline-image, .wp-block-kadence-advancedheading.kt-adv-heading133_8722bb-8a[data-kb-block=\"kb-adv-heading133_8722bb-8a\"] img.kb-inline-image{width:150px;vertical-align:baseline;}<\/style>\n<h2 class=\"kt-adv-heading133_8722bb-8a wp-block-kadence-advancedheading has-theme-palette-3-color has-text-color\" data-kb-block=\"kb-adv-heading133_8722bb-8a\">En coachingsession hos Novaro er en fokuseret samtale mellem dig og mig p\u00e5 cirka 50\u201360 minutter, hvor du s\u00e6tter dagsordenen for, hvad du gerne vil have ud af vores samtale.  Vi tager udgangspunkt i netop de emner, der er vigtige for dig &#8211; hvad enten det handler om ledelse, karriere, beslutninger, samarbejde, personlige udfordringer eller noget helt andet.<\/h2>\n\n\n\n<p><\/p>\n\n\n<style>.wp-block-kadence-advancedheading.kt-adv-heading133_9481a3-b2, .wp-block-kadence-advancedheading.kt-adv-heading133_9481a3-b2[data-kb-block=\"kb-adv-heading133_9481a3-b2\"]{font-weight:400;font-style:normal;font-family:Lato;}.wp-block-kadence-advancedheading.kt-adv-heading133_9481a3-b2 mark.kt-highlight, .wp-block-kadence-advancedheading.kt-adv-heading133_9481a3-b2[data-kb-block=\"kb-adv-heading133_9481a3-b2\"] mark.kt-highlight{font-style:normal;color:#f76a0c;-webkit-box-decoration-break:clone;box-decoration-break:clone;padding-top:0px;padding-right:0px;padding-bottom:0px;padding-left:0px;}.wp-block-kadence-advancedheading.kt-adv-heading133_9481a3-b2 img.kb-inline-image, .wp-block-kadence-advancedheading.kt-adv-heading133_9481a3-b2[data-kb-block=\"kb-adv-heading133_9481a3-b2\"] img.kb-inline-image{width:150px;vertical-align:baseline;}<\/style>\n<h2 class=\"kt-adv-heading133_9481a3-b2 wp-block-kadence-advancedheading has-theme-palette-3-color has-text-color\" data-kb-block=\"kb-adv-heading133_9481a3-b2\">Coaching handler prim\u00e6rt om at se fremad og skabe bev\u00e6gelse. Nogle gange kr\u00e6ver det, at vi ser tilbage for at f\u00e5 \u00f8je p\u00e5 m\u00f8nstre, vaner eller beslutninger, der p\u00e5virker dig i dag. Med den indsigt kan du bevidst v\u00e6lge, hvad du vil fastholde, og hvad du eventuelt \u00f8nsker at \u00e6ndre.  <\/h2>\n\n\n\n<p><\/p>\n\n\n<style>.wp-block-kadence-advancedheading.kt-adv-heading133_dc1d16-42, .wp-block-kadence-advancedheading.kt-adv-heading133_dc1d16-42[data-kb-block=\"kb-adv-heading133_dc1d16-42\"]{font-weight:400;font-style:normal;font-family:Lato;}.wp-block-kadence-advancedheading.kt-adv-heading133_dc1d16-42 mark.kt-highlight, .wp-block-kadence-advancedheading.kt-adv-heading133_dc1d16-42[data-kb-block=\"kb-adv-heading133_dc1d16-42\"] mark.kt-highlight{font-style:normal;color:#f76a0c;-webkit-box-decoration-break:clone;box-decoration-break:clone;padding-top:0px;padding-right:0px;padding-bottom:0px;padding-left:0px;}.wp-block-kadence-advancedheading.kt-adv-heading133_dc1d16-42 img.kb-inline-image, .wp-block-kadence-advancedheading.kt-adv-heading133_dc1d16-42[data-kb-block=\"kb-adv-heading133_dc1d16-42\"] img.kb-inline-image{width:150px;vertical-align:baseline;}<\/style>\n<h2 class=\"kt-adv-heading133_dc1d16-42 wp-block-kadence-advancedheading has-theme-palette-3-color has-text-color\" data-kb-block=\"kb-adv-heading133_dc1d16-42\">Det er vigtigt at understrege, at coaching ikke er terapi. Hvis et emne vurderes at kr\u00e6ve psykologfaglig behandling, stopper vi arbejdet med dette og vurderer, om sessionen kan forts\u00e6tte med et andet fokus.<\/h2>\n\n\n\n<p><\/p>\n\n\n<style>.wp-block-kadence-advancedheading.kt-adv-heading133_73f9a5-fc, .wp-block-kadence-advancedheading.kt-adv-heading133_73f9a5-fc[data-kb-block=\"kb-adv-heading133_73f9a5-fc\"]{font-weight:400;font-style:normal;font-family:Lato;}.wp-block-kadence-advancedheading.kt-adv-heading133_73f9a5-fc mark.kt-highlight, .wp-block-kadence-advancedheading.kt-adv-heading133_73f9a5-fc[data-kb-block=\"kb-adv-heading133_73f9a5-fc\"] mark.kt-highlight{font-style:normal;color:#f76a0c;-webkit-box-decoration-break:clone;box-decoration-break:clone;padding-top:0px;padding-right:0px;padding-bottom:0px;padding-left:0px;}.wp-block-kadence-advancedheading.kt-adv-heading133_73f9a5-fc img.kb-inline-image, .wp-block-kadence-advancedheading.kt-adv-heading133_73f9a5-fc[data-kb-block=\"kb-adv-heading133_73f9a5-fc\"] img.kb-inline-image{width:150px;vertical-align:baseline;}<\/style>\n<h2 class=\"kt-adv-heading133_73f9a5-fc wp-block-kadence-advancedheading has-theme-palette-3-color has-text-color\" data-kb-block=\"kb-adv-heading133_73f9a5-fc\">Samtalen er naturligvis helt fortrolig, og jeg er underlagt tavshedspligt. Jeg f\u00f8rer ikke journal. Undervejs kan jeg tage enkelte noter til brug i samtalen, s\u00e5 jeg kan hj\u00e6lpe dig optimalt. Disse enten kasseres efterf\u00f8lgende eller gives til dig, hvis du \u00f8nsker det.<\/h2>\n\n\n<style>.wp-block-kadence-advancedheading.kt-adv-heading133_a5794f-8b, .wp-block-kadence-advancedheading.kt-adv-heading133_a5794f-8b[data-kb-block=\"kb-adv-heading133_a5794f-8b\"]{font-weight:400;font-style:normal;font-family:Lato;}.wp-block-kadence-advancedheading.kt-adv-heading133_a5794f-8b mark.kt-highlight, .wp-block-kadence-advancedheading.kt-adv-heading133_a5794f-8b[data-kb-block=\"kb-adv-heading133_a5794f-8b\"] mark.kt-highlight{font-style:normal;color:#f76a0c;-webkit-box-decoration-break:clone;box-decoration-break:clone;padding-top:0px;padding-right:0px;padding-bottom:0px;padding-left:0px;}.wp-block-kadence-advancedheading.kt-adv-heading133_a5794f-8b img.kb-inline-image, .wp-block-kadence-advancedheading.kt-adv-heading133_a5794f-8b[data-kb-block=\"kb-adv-heading133_a5794f-8b\"] img.kb-inline-image{width:150px;vertical-align:baseline;}<\/style>\n<h2 class=\"kt-adv-heading133_a5794f-8b wp-block-kadence-advancedheading has-theme-palette-3-color has-text-color\" data-kb-block=\"kb-adv-heading133_a5794f-8b\"><br>Efter sessionen vurderer du selv, om du har behov for, eller lyst til, at forts\u00e6tte i et coachingforl\u00f8b. Det er ikke noget, du skal beslutte p\u00e5 stedet. Min anbefaling er, at du giver dig selv to til tre sessioner, da den f\u00f8rste ofte handler om at skabe tillid og f\u00e5 et klart billede af din situation og dine m\u00e5l.<\/h2>\n\n\n\n<p><\/p>\n","protected":false},"excerpt":{"rendered":"<p>En coachingsession hos Novaro er en fokuseret samtale mellem dig og mig p\u00e5 cirka 50\u201360 minutter, hvor du s\u00e6tter dagsordenen for, hvad du gerne vil have ud af vores samtale. Vi tager udgangspunkt i netop de emner, der er vigtige for dig &#8211; hvad enten det handler om ledelse, karriere, beslutninger, samarbejde, personlige udfordringer eller&#8230;<\/p>\n","protected":false},"author":1,"featured_media":0,"parent":0,"menu_order":0,"comment_status":"closed","ping_status":"closed","template":"","meta":{"_kad_post_transparent":"","_kad_post_title":"","_kad_post_layout":"","_kad_post_sidebar_id":"","_kad_post_content_style":"","_kad_post_vertical_padding":"","_kad_post_feature":"","_kad_post_feature_position":"","_kad_post_header":false,"_kad_post_footer":false,"_kad_post_classname":"","footnotes":""},"class_list":["post-133","page","type-page","status-publish","hentry"],"_links":{"self":[{"href":"https:\/\/novarocoaching.dk\/index.php\/wp-json\/wp\/v2\/pages\/133","targetHints":{"allow":["GET"]}}],"collection":[{"href":"https:\/\/novarocoaching.dk\/index.php\/wp-json\/wp\/v2\/pages"}],"about":[{"href":"https:\/\/novarocoaching.dk\/index.php\/wp-json\/wp\/v2\/types\/page"}],"author":[{"embeddable":true,"href":"https:\/\/novarocoaching.dk\/index.php\/wp-json\/wp\/v2\/users\/1"}],"replies":[{"embeddable":true,"href":"https:\/\/novarocoaching.dk\/index.php\/wp-json\/wp\/v2\/comments?post=133"}],"version-history":[{"count":12,"href":"https:\/\/novarocoaching.dk\/index.php\/wp-json\/wp\/v2\/pages\/133\/revisions"}],"predecessor-version":[{"id":474,"href":"https:\/\/novarocoaching.dk\/index.php\/wp-json\/wp\/v2\/pages\/133\/revisions\/474"}],"wp:attachment":[{"href":"https:\/\/novarocoaching.dk\/index.php\/wp-json\/wp\/v2\/media?parent=133"}],"curies":[{"name":"wp","href":"https:\/\/api.w.org\/{rel}","templated":true}]}}