{"id":159,"date":"2025-12-31T14:48:26","date_gmt":"2025-12-31T13:48:26","guid":{"rendered":"https:\/\/novarocoaching.dk\/?page_id=159"},"modified":"2026-03-06T08:12:42","modified_gmt":"2026-03-06T07:12:42","slug":"om-novaro-2","status":"publish","type":"page","link":"https:\/\/novarocoaching.dk\/index.php\/om-novaro-2\/","title":{"rendered":"Om mig"},"content":{"rendered":"\n<div class=\"wp-block-media-text is-stacked-on-mobile\" style=\"grid-template-columns:21% auto\" id=\"Om-mig\"><figure  class=\"wp-block-media-text__media\"><img loading=\"lazy\" decoding=\"async\" width=\"1024\" height=\"1536\" alt=\"\" src=\"https:\/\/novarocoaching.dk\/wp-content\/uploads\/2026\/02\/Om-mig.png\" class=\"wp-image-465 size-full\" srcset=\"https:\/\/novarocoaching.dk\/wp-content\/uploads\/2026\/02\/Om-mig.png 1024w, https:\/\/novarocoaching.dk\/wp-content\/uploads\/2026\/02\/Om-mig-200x300.png 200w, https:\/\/novarocoaching.dk\/wp-content\/uploads\/2026\/02\/Om-mig-683x1024.png 683w, https:\/\/novarocoaching.dk\/wp-content\/uploads\/2026\/02\/Om-mig-768x1152.png 768w\" sizes=\"auto, (max-width: 1024px) 100vw, 1024px\" \/><\/figure><div class=\"wp-block-media-text__content\"><style>.wp-block-kadence-advancedheading.kt-adv-heading159_e4e204-24, .wp-block-kadence-advancedheading.kt-adv-heading159_e4e204-24[data-kb-block=\"kb-adv-heading159_e4e204-24\"]{font-weight:400;font-style:normal;font-family:Lato;}.wp-block-kadence-advancedheading.kt-adv-heading159_e4e204-24 mark.kt-highlight, .wp-block-kadence-advancedheading.kt-adv-heading159_e4e204-24[data-kb-block=\"kb-adv-heading159_e4e204-24\"] mark.kt-highlight{font-style:normal;color:#f76a0c;-webkit-box-decoration-break:clone;box-decoration-break:clone;padding-top:0px;padding-right:0px;padding-bottom:0px;padding-left:0px;}.wp-block-kadence-advancedheading.kt-adv-heading159_e4e204-24 img.kb-inline-image, .wp-block-kadence-advancedheading.kt-adv-heading159_e4e204-24[data-kb-block=\"kb-adv-heading159_e4e204-24\"] img.kb-inline-image{width:86px;vertical-align:baseline;}@media all and (max-width: 1024px){.wp-block-kadence-advancedheading.kt-adv-heading159_e4e204-24, .wp-block-kadence-advancedheading.kt-adv-heading159_e4e204-24[data-kb-block=\"kb-adv-heading159_e4e204-24\"]{max-width:1250px;font-size:var(--global-kb-font-size-md, 1.25rem);}}@media all and (max-width: 767px){.wp-block-kadence-advancedheading.kt-adv-heading159_e4e204-24, .wp-block-kadence-advancedheading.kt-adv-heading159_e4e204-24[data-kb-block=\"kb-adv-heading159_e4e204-24\"]{font-size:var(--global-kb-font-size-md, 1.25rem);}}<\/style>\n<h2 class=\"kt-adv-heading159_e4e204-24 wp-block-kadence-advancedheading has-theme-palette-3-color has-text-color\" data-kb-block=\"kb-adv-heading159_e4e204-24\">Mit navn er Anja Lundberg.  Jeg har siden 15. marts 2025 v\u00e6ret uddannet Transition Coach Senior Practitioner, som er en 3 \u00e5rig coachinguddannelse gennem AS3. Uddannelsen er akkrediteret af European Mentoring and Coaching Council (EMCC), og bygger p\u00e5 en dialogisk og forst\u00e5elsesm\u00e6ssig  coaching tilgang.<\/h2>\n\n\n\n<p><\/p>\n\n\n<style>.wp-block-kadence-advancedheading.kt-adv-heading159_7577d2-16, .wp-block-kadence-advancedheading.kt-adv-heading159_7577d2-16[data-kb-block=\"kb-adv-heading159_7577d2-16\"]{font-weight:400;font-style:normal;font-family:Lato;}.wp-block-kadence-advancedheading.kt-adv-heading159_7577d2-16 mark.kt-highlight, .wp-block-kadence-advancedheading.kt-adv-heading159_7577d2-16[data-kb-block=\"kb-adv-heading159_7577d2-16\"] mark.kt-highlight{font-style:normal;color:#f76a0c;-webkit-box-decoration-break:clone;box-decoration-break:clone;padding-top:0px;padding-right:0px;padding-bottom:0px;padding-left:0px;}.wp-block-kadence-advancedheading.kt-adv-heading159_7577d2-16 img.kb-inline-image, .wp-block-kadence-advancedheading.kt-adv-heading159_7577d2-16[data-kb-block=\"kb-adv-heading159_7577d2-16\"] img.kb-inline-image{width:150px;vertical-align:baseline;aspect-ratio:3 \/ 4;object-fit:cover;}@media all and (max-width: 1024px){.wp-block-kadence-advancedheading.kt-adv-heading159_7577d2-16, .wp-block-kadence-advancedheading.kt-adv-heading159_7577d2-16[data-kb-block=\"kb-adv-heading159_7577d2-16\"]{font-size:var(--global-kb-font-size-md, 1.25rem);}}@media all and (max-width: 1024px){.wp-block-kadence-advancedheading.kt-adv-heading159_7577d2-16 img.kb-inline-image, .wp-block-kadence-advancedheading.kt-adv-heading159_7577d2-16[data-kb-block=\"kb-adv-heading159_7577d2-16\"] img.kb-inline-image{width:220px;}}@media all and (max-width: 767px){.wp-block-kadence-advancedheading.kt-adv-heading159_7577d2-16, .wp-block-kadence-advancedheading.kt-adv-heading159_7577d2-16[data-kb-block=\"kb-adv-heading159_7577d2-16\"]{font-size:var(--global-kb-font-size-md, 1.25rem);}}<\/style>\n<h2 class=\"kt-adv-heading159_7577d2-16 wp-block-kadence-advancedheading has-theme-palette-3-color has-text-color\" data-kb-block=\"kb-adv-heading159_7577d2-16\">Jeg har gennem de seneste fire \u00e5r arbejdet med coaching i b\u00e5de private, arbejds- og ledelsesm\u00e6ssige sammenh\u00e6nge. Med mere end 100 coachingtimer bag mig har jeg opbygget et solidt fundament \u2013 b\u00e5de teoretisk og erfaringsm\u00e6ssigt \u2013 som jeg tr\u00e6kker p\u00e5 i mit arbejde som coach, teamleder, medarbejder og menneske.<\/h2>\n<\/div><\/div>\n\n\n\n<p class=\"has-theme-palette-3-color has-text-color has-link-color has-medium-font-size wp-elements-d7477fce28463d66b3cd0b5a030b6ba6\">Jeg l\u00e6gger stor v\u00e6gt p\u00e5 at skabe et tillidsfuldt og fordomsfrit rum, hvor der er plads til \u00e5benhed og refleksion. Jeg arbejder n\u00e6rv\u00e6rende og unders\u00f8gende og stiller sp\u00f8rgsm\u00e5l, der inviterer til eftertanke og nye perspektiver. Ofte handler udvikling ikke om, hvad der konkret skal g\u00f8res, men om hvordan situationen anskues. N\u00e5r perspektivet \u00e6ndres, opst\u00e5r der nye handlemuligheder.<\/p>\n\n\n<style>.wp-block-kadence-advancedheading.kt-adv-heading159_6b8201-cc, .wp-block-kadence-advancedheading.kt-adv-heading159_6b8201-cc[data-kb-block=\"kb-adv-heading159_6b8201-cc\"]{font-weight:700;font-style:normal;font-family:Lato;}.wp-block-kadence-advancedheading.kt-adv-heading159_6b8201-cc mark.kt-highlight, .wp-block-kadence-advancedheading.kt-adv-heading159_6b8201-cc[data-kb-block=\"kb-adv-heading159_6b8201-cc\"] mark.kt-highlight{font-style:normal;color:#f76a0c;-webkit-box-decoration-break:clone;box-decoration-break:clone;padding-top:0px;padding-right:0px;padding-bottom:0px;padding-left:0px;}.wp-block-kadence-advancedheading.kt-adv-heading159_6b8201-cc img.kb-inline-image, .wp-block-kadence-advancedheading.kt-adv-heading159_6b8201-cc[data-kb-block=\"kb-adv-heading159_6b8201-cc\"] img.kb-inline-image{width:150px;vertical-align:baseline;}@media all and (max-width: 767px){.wp-block-kadence-advancedheading.kt-adv-heading159_6b8201-cc, .wp-block-kadence-advancedheading.kt-adv-heading159_6b8201-cc[data-kb-block=\"kb-adv-heading159_6b8201-cc\"]{font-size:var(--global-kb-font-size-md, 1.25rem);}}<\/style>\n<h2 class=\"kt-adv-heading159_6b8201-cc wp-block-kadence-advancedheading has-theme-palette-3-color has-text-color\" data-kb-block=\"kb-adv-heading159_6b8201-cc\">Hvad fik mig til at coache?<\/h2>\n\n\n\n<p class=\"has-theme-palette-3-color has-text-color has-link-color has-medium-font-size wp-elements-e7f8a131700263d7724519fe34435367\">Inden jeg begyndte at arbejde med coaching, har jeg gennem mange \u00e5r arbejdet med mennesker i meget sv\u00e6re livssituationer, blandt andet i forbindelse med ekspropriationer. Jeg m\u00f8dte mennesker, som stod overfor store forandringer, hvor deres hjem og de rammer, de kendte, blev p\u00e5virket af  beslutninger truffet udenfor deres kontrol. Jeg kunne ikke \u00e6ndre deres situation, men jeg kunne v\u00e6re til stede. Jeg kunne lytte, m\u00f8de dem med respekt  og skabe et trygt rum for de f\u00f8lelser og tanker, der naturligt opstod i en s\u00e5dan situation. Over tid oplevede jeg, hvordan n\u00e6rv\u00e6r, nysgerrighed og  anerkendelse kunne skabe ro midt i usikkerheden. Skepsis blev til dialog, og det sv\u00e6re blev lettere at rumme. Mange fandt gradvist accept af deres situation og begyndte at se fremad. Det blev tydeligt for mig, hvor stor en forskel den menneskelige samtale kan g\u00f8re, og d\u00e9n erfaring blev startskuddet til min interesse for coaching.<\/p>\n\n\n<style>.wp-block-kadence-advancedheading.kt-adv-heading159_18c5d6-a8, .wp-block-kadence-advancedheading.kt-adv-heading159_18c5d6-a8[data-kb-block=\"kb-adv-heading159_18c5d6-a8\"]{font-size:var(--global-kb-font-size-md, 1.25rem);font-weight:700;font-style:normal;font-family:Lato;}.wp-block-kadence-advancedheading.kt-adv-heading159_18c5d6-a8 mark.kt-highlight, .wp-block-kadence-advancedheading.kt-adv-heading159_18c5d6-a8[data-kb-block=\"kb-adv-heading159_18c5d6-a8\"] mark.kt-highlight{font-style:normal;color:#f76a0c;-webkit-box-decoration-break:clone;box-decoration-break:clone;padding-top:0px;padding-right:0px;padding-bottom:0px;padding-left:0px;}.wp-block-kadence-advancedheading.kt-adv-heading159_18c5d6-a8 img.kb-inline-image, .wp-block-kadence-advancedheading.kt-adv-heading159_18c5d6-a8[data-kb-block=\"kb-adv-heading159_18c5d6-a8\"] img.kb-inline-image{width:150px;vertical-align:baseline;}<\/style>\n<h2 class=\"kt-adv-heading159_18c5d6-a8 wp-block-kadence-advancedheading has-theme-palette-3-color has-text-color\" data-kb-block=\"kb-adv-heading159_18c5d6-a8\">Hvorfor navnet Novaro?<\/h2>\n\n\n\n<p class=\"has-theme-palette-3-color has-text-color has-link-color has-medium-font-size wp-elements-71a62d865e9ff3a0287f1b1c6ebaba16\">Navnet Novaro har italiensk oprindelse og er afledt af stednavnet Novara, en by i Piemonte-regionen i det nordlige Italien. Selve navnet Novara menes at have gamle r\u00f8dder, muligvis fra f\u00f8r romertiden, hvor dets etymologi knyttes til keltiske eller liguriske ord, der betyder \u201cny\u201d eller \u201cny bos\u00e6ttelse\u201d. Derfor betyder Novaro som efternavn eller fornavn \u201cfra Novara\u201d eller \u201cny\u201d.<\/p>\n\n\n<style>.wp-block-kadence-advancedheading.kt-adv-heading159_4542c9-ee, .wp-block-kadence-advancedheading.kt-adv-heading159_4542c9-ee[data-kb-block=\"kb-adv-heading159_4542c9-ee\"]{font-style:normal;}.wp-block-kadence-advancedheading.kt-adv-heading159_4542c9-ee mark.kt-highlight, .wp-block-kadence-advancedheading.kt-adv-heading159_4542c9-ee[data-kb-block=\"kb-adv-heading159_4542c9-ee\"] mark.kt-highlight{font-style:normal;color:#f76a0c;-webkit-box-decoration-break:clone;box-decoration-break:clone;padding-top:0px;padding-right:0px;padding-bottom:0px;padding-left:0px;}.wp-block-kadence-advancedheading.kt-adv-heading159_4542c9-ee img.kb-inline-image, .wp-block-kadence-advancedheading.kt-adv-heading159_4542c9-ee[data-kb-block=\"kb-adv-heading159_4542c9-ee\"] img.kb-inline-image{width:150px;vertical-align:baseline;}@media all and (max-width: 1024px){.wp-block-kadence-advancedheading.kt-adv-heading159_4542c9-ee, .wp-block-kadence-advancedheading.kt-adv-heading159_4542c9-ee[data-kb-block=\"kb-adv-heading159_4542c9-ee\"]{font-size:var(--global-kb-font-size-md, 1.25rem);}}@media all and (max-width: 767px){.wp-block-kadence-advancedheading.kt-adv-heading159_4542c9-ee, .wp-block-kadence-advancedheading.kt-adv-heading159_4542c9-ee[data-kb-block=\"kb-adv-heading159_4542c9-ee\"]{font-size:var(--global-kb-font-size-md, 1.25rem);}}<\/style>\n<h2 class=\"kt-adv-heading159_4542c9-ee wp-block-kadence-advancedheading\" data-kb-block=\"kb-adv-heading159_4542c9-ee\">I mit virke som coach arbejder jeg, som n\u00e6vnt, med at se ting og situationer fra andre perspektiver. Dette skaber ny viden og ny forst\u00e5else, som kan lede til nye veje at g\u00e5. S\u00e5 ud over at Piemonte er et dejligt sted, faldt jeg for navnet Novaro, da det er indbegrebet af min virke som coach.<\/h2>\n\n\n\n<p><\/p>\n\n\n<style>.wp-block-kadence-advancedheading.kt-adv-heading159_5bbfa6-d9, .wp-block-kadence-advancedheading.kt-adv-heading159_5bbfa6-d9[data-kb-block=\"kb-adv-heading159_5bbfa6-d9\"]{font-weight:700;font-style:normal;font-family:Lato;}.wp-block-kadence-advancedheading.kt-adv-heading159_5bbfa6-d9 mark.kt-highlight, .wp-block-kadence-advancedheading.kt-adv-heading159_5bbfa6-d9[data-kb-block=\"kb-adv-heading159_5bbfa6-d9\"] mark.kt-highlight{font-style:normal;color:#f76a0c;-webkit-box-decoration-break:clone;box-decoration-break:clone;padding-top:0px;padding-right:0px;padding-bottom:0px;padding-left:0px;}.wp-block-kadence-advancedheading.kt-adv-heading159_5bbfa6-d9 img.kb-inline-image, .wp-block-kadence-advancedheading.kt-adv-heading159_5bbfa6-d9[data-kb-block=\"kb-adv-heading159_5bbfa6-d9\"] img.kb-inline-image{width:150px;vertical-align:baseline;}<\/style>\n<h2 class=\"kt-adv-heading159_5bbfa6-d9 wp-block-kadence-advancedheading has-theme-palette-3-color has-text-color\" data-kb-block=\"kb-adv-heading159_5bbfa6-d9\">Privat<\/h2>\n\n\n<style>.wp-block-kadence-advancedheading.kt-adv-heading159_f4c6f4-aa, .wp-block-kadence-advancedheading.kt-adv-heading159_f4c6f4-aa[data-kb-block=\"kb-adv-heading159_f4c6f4-aa\"]{font-weight:400;font-style:normal;font-family:Lato;}.wp-block-kadence-advancedheading.kt-adv-heading159_f4c6f4-aa mark.kt-highlight, .wp-block-kadence-advancedheading.kt-adv-heading159_f4c6f4-aa[data-kb-block=\"kb-adv-heading159_f4c6f4-aa\"] mark.kt-highlight{font-style:normal;color:#f76a0c;-webkit-box-decoration-break:clone;box-decoration-break:clone;padding-top:0px;padding-right:0px;padding-bottom:0px;padding-left:0px;}.wp-block-kadence-advancedheading.kt-adv-heading159_f4c6f4-aa img.kb-inline-image, .wp-block-kadence-advancedheading.kt-adv-heading159_f4c6f4-aa[data-kb-block=\"kb-adv-heading159_f4c6f4-aa\"] img.kb-inline-image{width:150px;vertical-align:baseline;}@media all and (max-width: 1024px){.wp-block-kadence-advancedheading.kt-adv-heading159_f4c6f4-aa, .wp-block-kadence-advancedheading.kt-adv-heading159_f4c6f4-aa[data-kb-block=\"kb-adv-heading159_f4c6f4-aa\"]{font-size:var(--global-kb-font-size-md, 1.25rem);}}@media all and (max-width: 767px){.wp-block-kadence-advancedheading.kt-adv-heading159_f4c6f4-aa, .wp-block-kadence-advancedheading.kt-adv-heading159_f4c6f4-aa[data-kb-block=\"kb-adv-heading159_f4c6f4-aa\"]{font-size:var(--global-kb-font-size-md, 1.25rem);}}<\/style>\n<h2 class=\"kt-adv-heading159_f4c6f4-aa wp-block-kadence-advancedheading\" data-kb-block=\"kb-adv-heading159_f4c6f4-aa\">Ud over at v\u00e6re coach er jeg uddannet jurist, 50 \u00e5r,  mor til tre teenagedrenge, v\u00e6ret sammen med min mand igennem 23 \u00e5r og bosiddende i Karlslunde p\u00e5 Sj\u00e6lland. <\/h2>\n\n\n<style>.wp-block-kadence-advancedheading.kt-adv-heading159_c259b3-54, .wp-block-kadence-advancedheading.kt-adv-heading159_c259b3-54[data-kb-block=\"kb-adv-heading159_c259b3-54\"]{font-style:normal;}.wp-block-kadence-advancedheading.kt-adv-heading159_c259b3-54 mark.kt-highlight, .wp-block-kadence-advancedheading.kt-adv-heading159_c259b3-54[data-kb-block=\"kb-adv-heading159_c259b3-54\"] mark.kt-highlight{font-style:normal;color:#f76a0c;-webkit-box-decoration-break:clone;box-decoration-break:clone;padding-top:0px;padding-right:0px;padding-bottom:0px;padding-left:0px;}.wp-block-kadence-advancedheading.kt-adv-heading159_c259b3-54 img.kb-inline-image, .wp-block-kadence-advancedheading.kt-adv-heading159_c259b3-54[data-kb-block=\"kb-adv-heading159_c259b3-54\"] img.kb-inline-image{width:150px;vertical-align:baseline;}<\/style>\n<h2 class=\"kt-adv-heading159_c259b3-54 wp-block-kadence-advancedheading\" data-kb-block=\"kb-adv-heading159_c259b3-54\"><br><\/h2>\n\n\n\n<p><br><\/p>\n","protected":false},"excerpt":{"rendered":"<p>Jeg l\u00e6gger stor v\u00e6gt p\u00e5 at skabe et tillidsfuldt og fordomsfrit rum, hvor der er plads til \u00e5benhed og refleksion. Jeg arbejder n\u00e6rv\u00e6rende og unders\u00f8gende og stiller sp\u00f8rgsm\u00e5l, der inviterer til eftertanke og nye perspektiver. Ofte handler udvikling ikke om, hvad der konkret skal g\u00f8res, men om hvordan situationen anskues. N\u00e5r perspektivet \u00e6ndres, opst\u00e5r der&#8230;<\/p>\n","protected":false},"author":1,"featured_media":465,"parent":0,"menu_order":0,"comment_status":"closed","ping_status":"closed","template":"","meta":{"_kad_post_transparent":"","_kad_post_title":"","_kad_post_layout":"","_kad_post_sidebar_id":"","_kad_post_content_style":"","_kad_post_vertical_padding":"","_kad_post_feature":"","_kad_post_feature_position":"","_kad_post_header":false,"_kad_post_footer":false,"_kad_post_classname":"","footnotes":""},"class_list":["post-159","page","type-page","status-publish","has-post-thumbnail","hentry"],"_links":{"self":[{"href":"https:\/\/novarocoaching.dk\/index.php\/wp-json\/wp\/v2\/pages\/159","targetHints":{"allow":["GET"]}}],"collection":[{"href":"https:\/\/novarocoaching.dk\/index.php\/wp-json\/wp\/v2\/pages"}],"about":[{"href":"https:\/\/novarocoaching.dk\/index.php\/wp-json\/wp\/v2\/types\/page"}],"author":[{"embeddable":true,"href":"https:\/\/novarocoaching.dk\/index.php\/wp-json\/wp\/v2\/users\/1"}],"replies":[{"embeddable":true,"href":"https:\/\/novarocoaching.dk\/index.php\/wp-json\/wp\/v2\/comments?post=159"}],"version-history":[{"count":47,"href":"https:\/\/novarocoaching.dk\/index.php\/wp-json\/wp\/v2\/pages\/159\/revisions"}],"predecessor-version":[{"id":483,"href":"https:\/\/novarocoaching.dk\/index.php\/wp-json\/wp\/v2\/pages\/159\/revisions\/483"}],"wp:featuredmedia":[{"embeddable":true,"href":"https:\/\/novarocoaching.dk\/index.php\/wp-json\/wp\/v2\/media\/465"}],"wp:attachment":[{"href":"https:\/\/novarocoaching.dk\/index.php\/wp-json\/wp\/v2\/media?parent=159"}],"curies":[{"name":"wp","href":"https:\/\/api.w.org\/{rel}","templated":true}]}}