{"id":7,"date":"2025-12-20T14:01:31","date_gmt":"2025-12-20T14:01:31","guid":{"rendered":"https:\/\/novarocoaching.dk\/?page_id=7"},"modified":"2026-03-01T17:51:36","modified_gmt":"2026-03-01T16:51:36","slug":"novaro","status":"publish","type":"page","link":"https:\/\/novarocoaching.dk\/","title":{"rendered":"Velkommen til Novaro Coaching"},"content":{"rendered":"\n<p><\/p>\n\n\n\n<p><\/p>\n\n\n\n<div class=\"wp-block-media-text is-stacked-on-mobile\" style=\"grid-template-columns:17% auto\"><figure  class=\"wp-block-media-text__media\"><img loading=\"lazy\" decoding=\"async\" width=\"1822\" height=\"2366\" alt=\"\" src=\"https:\/\/novarocoaching.dk\/wp-content\/uploads\/2026\/02\/IMG_7041-EDIT-2-1.jpg\" class=\"wp-image-380 size-full\" srcset=\"https:\/\/novarocoaching.dk\/wp-content\/uploads\/2026\/02\/IMG_7041-EDIT-2-1.jpg 1822w, https:\/\/novarocoaching.dk\/wp-content\/uploads\/2026\/02\/IMG_7041-EDIT-2-1-231x300.jpg 231w, https:\/\/novarocoaching.dk\/wp-content\/uploads\/2026\/02\/IMG_7041-EDIT-2-1-789x1024.jpg 789w, https:\/\/novarocoaching.dk\/wp-content\/uploads\/2026\/02\/IMG_7041-EDIT-2-1-768x997.jpg 768w, https:\/\/novarocoaching.dk\/wp-content\/uploads\/2026\/02\/IMG_7041-EDIT-2-1-1183x1536.jpg 1183w, https:\/\/novarocoaching.dk\/wp-content\/uploads\/2026\/02\/IMG_7041-EDIT-2-1-1577x2048.jpg 1577w\" sizes=\"auto, (max-width: 1822px) 100vw, 1822px\" \/><\/figure><div class=\"wp-block-media-text__content\"><style>.wp-block-kadence-advancedheading.kt-adv-heading7_e61ebc-1b, .wp-block-kadence-advancedheading.kt-adv-heading7_e61ebc-1b[data-kb-block=\"kb-adv-heading7_e61ebc-1b\"]{font-weight:400;font-style:normal;font-family:Lato;}.wp-block-kadence-advancedheading.kt-adv-heading7_e61ebc-1b mark.kt-highlight, .wp-block-kadence-advancedheading.kt-adv-heading7_e61ebc-1b[data-kb-block=\"kb-adv-heading7_e61ebc-1b\"] mark.kt-highlight{font-style:normal;color:#f76a0c;-webkit-box-decoration-break:clone;box-decoration-break:clone;padding-top:0px;padding-right:0px;padding-bottom:0px;padding-left:0px;}.wp-block-kadence-advancedheading.kt-adv-heading7_e61ebc-1b img.kb-inline-image, .wp-block-kadence-advancedheading.kt-adv-heading7_e61ebc-1b[data-kb-block=\"kb-adv-heading7_e61ebc-1b\"] img.kb-inline-image{width:150px;vertical-align:baseline;}@media all and (max-width: 1024px){.wp-block-kadence-advancedheading.kt-adv-heading7_e61ebc-1b, .wp-block-kadence-advancedheading.kt-adv-heading7_e61ebc-1b[data-kb-block=\"kb-adv-heading7_e61ebc-1b\"]{font-size:var(--global-kb-font-size-md, 1.25rem);}}<\/style>\n<h2 class=\"kt-adv-heading7_e61ebc-1b wp-block-kadence-advancedheading\" data-kb-block=\"kb-adv-heading7_e61ebc-1b\">Novaro Coaching tilbyder coaching p\u00e5 dilemmaer i forhold til karriere, studie -og arbejdsrelationer eller valg i forhold til fremtiden. <\/h2>\n\n\n\n<p><\/p>\n\n\n<style>.wp-block-kadence-advancedheading.kt-adv-heading7_16f37c-6b, .wp-block-kadence-advancedheading.kt-adv-heading7_16f37c-6b[data-kb-block=\"kb-adv-heading7_16f37c-6b\"]{font-weight:400;font-style:normal;font-family:Lato;}.wp-block-kadence-advancedheading.kt-adv-heading7_16f37c-6b mark.kt-highlight, .wp-block-kadence-advancedheading.kt-adv-heading7_16f37c-6b[data-kb-block=\"kb-adv-heading7_16f37c-6b\"] mark.kt-highlight{font-style:normal;color:#f76a0c;-webkit-box-decoration-break:clone;box-decoration-break:clone;padding-top:0px;padding-right:0px;padding-bottom:0px;padding-left:0px;}.wp-block-kadence-advancedheading.kt-adv-heading7_16f37c-6b img.kb-inline-image, .wp-block-kadence-advancedheading.kt-adv-heading7_16f37c-6b[data-kb-block=\"kb-adv-heading7_16f37c-6b\"] img.kb-inline-image{width:150px;vertical-align:baseline;}@media all and (max-width: 1024px){.wp-block-kadence-advancedheading.kt-adv-heading7_16f37c-6b, .wp-block-kadence-advancedheading.kt-adv-heading7_16f37c-6b[data-kb-block=\"kb-adv-heading7_16f37c-6b\"]{font-size:var(--global-kb-font-size-md, 1.25rem);}}<\/style>\n<h2 class=\"kt-adv-heading7_16f37c-6b wp-block-kadence-advancedheading\" data-kb-block=\"kb-adv-heading7_16f37c-6b\">Novaro  Coaching handler ikke om terapi, men om en samtale, der kan danne grundlag for refleksion og forst\u00e5else i forhold til den situation, du befinder dig i.\u00a0Sammen arbejder vi med at forst\u00e5 dilemmaets kerne, udfordre forst\u00e5elsen af situationen og finde den tilgang til dilemmaet, der giver mening for <em>dig<\/em> .<\/h2>\n<\/div><\/div>\n\n\n<style>.wp-block-kadence-advancedheading.kt-adv-heading7_5e3011-31, .wp-block-kadence-advancedheading.kt-adv-heading7_5e3011-31[data-kb-block=\"kb-adv-heading7_5e3011-31\"]{font-weight:400;font-style:normal;font-family:Lato;}.wp-block-kadence-advancedheading.kt-adv-heading7_5e3011-31 mark.kt-highlight, .wp-block-kadence-advancedheading.kt-adv-heading7_5e3011-31[data-kb-block=\"kb-adv-heading7_5e3011-31\"] mark.kt-highlight{font-style:normal;color:#f76a0c;-webkit-box-decoration-break:clone;box-decoration-break:clone;padding-top:0px;padding-right:0px;padding-bottom:0px;padding-left:0px;}.wp-block-kadence-advancedheading.kt-adv-heading7_5e3011-31 img.kb-inline-image, .wp-block-kadence-advancedheading.kt-adv-heading7_5e3011-31[data-kb-block=\"kb-adv-heading7_5e3011-31\"] img.kb-inline-image{width:150px;vertical-align:baseline;}@media all and (max-width: 767px){.wp-block-kadence-advancedheading.kt-adv-heading7_5e3011-31, .wp-block-kadence-advancedheading.kt-adv-heading7_5e3011-31[data-kb-block=\"kb-adv-heading7_5e3011-31\"]{font-size:var(--global-kb-font-size-md, 1.25rem);}}<\/style>\n<h2 class=\"kt-adv-heading7_5e3011-31 wp-block-kadence-advancedheading\" data-kb-block=\"kb-adv-heading7_5e3011-31\">M\u00e5ske<\/h2>\n\n\n\n<ul class=\"wp-block-list\">\n<li class=\"has-theme-palette-3-color has-text-color has-link-color has-medium-font-size wp-elements-d93500d893c0388831c6e010dc35891a\">trives du ikke med dit arbejde, m\u00e5ske fordi rammerne er \u00e6ndret eller d\u00e9t, der tidligere fungerede, ikke g\u00f8r det l\u00e6ngere<\/li>\n\n\n\n<li class=\"has-theme-palette-3-color has-text-color has-link-color has-medium-font-size wp-elements-ff8594a154238efee54a2bb3264a953f\">st\u00e5r du overfor forandringer p\u00e5 din arbejdsplads, i din uddannelse eller derhjemme som du ikke ved, hvordan du skal h\u00e5ndtere<\/li>\n\n\n\n<li class=\"has-theme-palette-3-color has-text-color has-link-color has-medium-font-size wp-elements-e2c1375db3aad026e72a605e0a832262\">er du blevet opsagt og er usikker p\u00e5 fremtidens forl\u00f8b<\/li>\n\n\n\n<li class=\"has-theme-palette-3-color has-text-color has-link-color has-medium-font-size wp-elements-52210ee1253223daecf6145db65659ce\">er du blot n\u00e5et et punkt i dit liv eller karriere, hvor du er i tvivl om, hvad det n\u00e6ste skridt skal v\u00e6re<\/li>\n<\/ul>\n\n\n<style>.wp-block-kadence-advancedheading.kt-adv-heading7_8dba7e-ef, .wp-block-kadence-advancedheading.kt-adv-heading7_8dba7e-ef[data-kb-block=\"kb-adv-heading7_8dba7e-ef\"]{font-weight:400;font-style:normal;font-family:Lato;}.wp-block-kadence-advancedheading.kt-adv-heading7_8dba7e-ef mark.kt-highlight, .wp-block-kadence-advancedheading.kt-adv-heading7_8dba7e-ef[data-kb-block=\"kb-adv-heading7_8dba7e-ef\"] mark.kt-highlight{font-style:normal;color:#f76a0c;-webkit-box-decoration-break:clone;box-decoration-break:clone;padding-top:0px;padding-right:0px;padding-bottom:0px;padding-left:0px;}.wp-block-kadence-advancedheading.kt-adv-heading7_8dba7e-ef img.kb-inline-image, .wp-block-kadence-advancedheading.kt-adv-heading7_8dba7e-ef[data-kb-block=\"kb-adv-heading7_8dba7e-ef\"] img.kb-inline-image{width:150px;vertical-align:baseline;}@media all and (max-width: 1024px){.wp-block-kadence-advancedheading.kt-adv-heading7_8dba7e-ef, .wp-block-kadence-advancedheading.kt-adv-heading7_8dba7e-ef[data-kb-block=\"kb-adv-heading7_8dba7e-ef\"]{font-size:var(--global-kb-font-size-md, 1.25rem);}}@media all and (max-width: 767px){.wp-block-kadence-advancedheading.kt-adv-heading7_8dba7e-ef, .wp-block-kadence-advancedheading.kt-adv-heading7_8dba7e-ef[data-kb-block=\"kb-adv-heading7_8dba7e-ef\"]{font-size:var(--global-kb-font-size-md, 1.25rem);}}<\/style>\n<h2 class=\"kt-adv-heading7_8dba7e-ef wp-block-kadence-advancedheading has-theme-palette-3-color has-text-color\" data-kb-block=\"kb-adv-heading7_8dba7e-ef\">Hos Novaro Coaching er fokus fremadrettet og handlingsorienteret, og hvor jeg tilbyder et professionelt og fortroligt rum, hvor du kan<br><\/h2>\n\n\n\n<ul class=\"wp-block-list\">\n<li class=\"has-theme-palette-3-color has-text-color has-link-color has-medium-font-size wp-elements-0cd3aa93f2ad3ccac7576011cdb346a8\">f\u00e5 nye perspektiver p\u00e5 en given arbejds- , studie &#8211; eller livssituation<\/li>\n\n\n\n<li class=\"has-theme-palette-3-color has-text-color has-link-color has-medium-font-size wp-elements-5a3922e856c56c940bc9f229653827ea\">f\u00e5 hj\u00e6lp til at f\u00e5 \u00f8je p\u00e5 tanke- og handlem\u00f8nstre, der evt. st\u00e5r i vejen for dit n\u00e6ste skridt<\/li>\n\n\n\n<li class=\"has-theme-palette-3-color has-text-color has-link-color has-medium-font-size wp-elements-8d9aad01312af9f70596a9ffdd0986eb\">f\u00e5 hj\u00e6lp til finde vej til at tr\u00e6ffe de rigtige beslutninger for dig &#8211; evt. i forhold til hvilken karrievej, du skal g\u00e5<\/li>\n\n\n\n<li class=\"has-theme-palette-3-color has-text-color has-link-color has-medium-font-size wp-elements-8cd38a401006c4c703bbd96674bb5af6\">f\u00e5 et frirum til at stoppe op, t\u00e6nke h\u00f8jt og unders\u00f8ge dine valg uden at skulle pr\u00e6stere<\/li>\n<\/ul>\n\n\n\n<p><\/p>\n","protected":false},"excerpt":{"rendered":"<p>M\u00e5ske Hos Novaro Coaching er fokus fremadrettet og handlingsorienteret, og hvor jeg tilbyder et professionelt og fortroligt rum, hvor du kan<\/p>\n","protected":false},"author":1,"featured_media":380,"parent":0,"menu_order":0,"comment_status":"closed","ping_status":"closed","template":"","meta":{"_kad_post_transparent":"","_kad_post_title":"default","_kad_post_layout":"normal","_kad_post_sidebar_id":"","_kad_post_content_style":"boxed","_kad_post_vertical_padding":"","_kad_post_feature":"","_kad_post_feature_position":"","_kad_post_header":false,"_kad_post_footer":false,"_kad_post_classname":"","footnotes":""},"class_list":["post-7","page","type-page","status-publish","has-post-thumbnail","hentry"],"_links":{"self":[{"href":"https:\/\/novarocoaching.dk\/index.php\/wp-json\/wp\/v2\/pages\/7","targetHints":{"allow":["GET"]}}],"collection":[{"href":"https:\/\/novarocoaching.dk\/index.php\/wp-json\/wp\/v2\/pages"}],"about":[{"href":"https:\/\/novarocoaching.dk\/index.php\/wp-json\/wp\/v2\/types\/page"}],"author":[{"embeddable":true,"href":"https:\/\/novarocoaching.dk\/index.php\/wp-json\/wp\/v2\/users\/1"}],"replies":[{"embeddable":true,"href":"https:\/\/novarocoaching.dk\/index.php\/wp-json\/wp\/v2\/comments?post=7"}],"version-history":[{"count":57,"href":"https:\/\/novarocoaching.dk\/index.php\/wp-json\/wp\/v2\/pages\/7\/revisions"}],"predecessor-version":[{"id":472,"href":"https:\/\/novarocoaching.dk\/index.php\/wp-json\/wp\/v2\/pages\/7\/revisions\/472"}],"wp:featuredmedia":[{"embeddable":true,"href":"https:\/\/novarocoaching.dk\/index.php\/wp-json\/wp\/v2\/media\/380"}],"wp:attachment":[{"href":"https:\/\/novarocoaching.dk\/index.php\/wp-json\/wp\/v2\/media?parent=7"}],"curies":[{"name":"wp","href":"https:\/\/api.w.org\/{rel}","templated":true}]}}